{"id":652,"date":"2015-11-16T09:56:04","date_gmt":"2015-11-16T09:56:04","guid":{"rendered":"https:\/\/libero.qodeinteractive.com\/?page_id=652"},"modified":"2026-02-21T11:53:42","modified_gmt":"2026-02-21T11:53:42","slug":"hakkimizda","status":"publish","type":"page","link":"https:\/\/ideallawoffice.com\/en\/hakkimizda\/","title":{"rendered":"About Us"},"content":{"rendered":"<p>[vc_row row_type=&#8221;parallax&#8221; content_width=&#8221;grid&#8221; full_screen_section_height=&#8221;no&#8221; section_height=&#8221;200&#8243; parallax_background_image=&#8221;746&#8243; triangle_shape=&#8221;no&#8221; css=&#8221;.vc_custom_1447676377452{padding-top: 115px !important;padding-bottom: 120px !important;}&#8221;][vc_column offset=&#8221;vc_col-lg-8 vc_col-md-8&#8243;][vc_column_text][\/vc_column_text][vc_empty_space height=&#8221;30px&#8221;][vc_column_text][\/vc_column_text][\/vc_column][\/vc_row][vc_row content_width=&#8221;grid&#8221; content_aligment=&#8221;center&#8221; triangle_shape=&#8221;no&#8221; css=&#8221;.vc_custom_1447673328881{border-bottom-width: 3px !important;padding-top: 30px !important;padding-bottom: 30px !important;background-color: #353c4e !important;border-bottom-color: #c18f59 !important;border-bottom-style: solid !important;}&#8221;][vc_column width=&#8221;1\/3&#8243; css=&#8221;.vc_custom_1447665628867{padding-right: 0px !important;padding-left: 0px !important;}&#8221; offset=&#8221;vc_col-lg-2 vc_col-md-4&#8243;][\/vc_column][vc_column width=&#8221;1\/3&#8243; css=&#8221;.vc_custom_1447665635018{padding-right: 0px !important;padding-left: 0px !important;}&#8221; offset=&#8221;vc_col-lg-2 vc_col-md-4&#8243;]<div class=\"mkd-elements-holder mkd-responsive-mode-768\" ><div class=\"mkd-elements-holder-item \" >\n\t<div class=\"mkd-elements-holder-item-inner\">\n\t\t<div class=\"mkd-elements-holder-item-content mkd-elements-holder-custom-550507\" style=\"padding: 0px\">\n\t\t\t\t\t\t<style type=\"text\/css\" data-type=\"mkd-elements-custom-padding\" scoped>\n\t\t\t\t\t\t\t\t\t@media only screen and (min-width: 1024px) and (max-width: 1280px) {\n\t\t\t\t\t\t.mkd-elements-holder .mkd-elements-holder-item-content.mkd-elements-holder-custom-550507 {\n\t\t\t\t\t\t\tpadding:  !important;\n\t\t\t\t\t\t}\n\t\t\t\t\t}\n\t\t\t\t\t\t\t\t\t\t\t\t@media only screen and (min-width: 768px) and (max-width: 1024px) {\n\t\t\t\t\t.mkd-elements-holder .mkd-elements-holder-item-content.mkd-elements-holder-custom-550507 {\n\t\t\t\t\t\tpadding: 20px 0px !important;\n\t\t\t\t\t}\n\t\t\t\t}\n\t\t\t\t\t\t\t\t\t\t\t\t@media only screen and (min-width: 600px) and (max-width: 768px) {\n\t\t\t\t\t.mkd-elements-holder .mkd-elements-holder-item-content.mkd-elements-holder-custom-550507 {\n\t\t\t\t\t\tpadding: 20px 0px 40px 0px !important;\n\t\t\t\t\t}\n\t\t\t\t}\n\t\t\t\t\t\t\t\t\t\t\t\t@media only screen and (min-width: 480px) and (max-width: 600px) {\n\t\t\t\t\t.mkd-elements-holder .mkd-elements-holder-item-content.mkd-elements-holder-custom-550507 {\n\t\t\t\t\t\tpadding: 20px 0px 40px 0px !important;\n\t\t\t\t\t}\n\t\t\t\t}\n\t\t\t\t\t\t\t\t\t\t\t\t@media only screen and (max-width: 480px) {\n\t\t\t\t\t.mkd-elements-holder .mkd-elements-holder-item-content.mkd-elements-holder-custom-550507 {\n\t\t\t\t\t\tpadding: 20px 0px 40px 0px !important;\n\t\t\t\t\t}\n\t\t\t\t}\n\t\t\t\t\t\t\t\t<\/style>\n\t\t\t\t\t\t<div class=\"mkd-interactive-icon mkd-right-border-added mkd-right-border-hide-1024\">\n    <div class=\"mkd-interactive-icon-inner\">\n        <div class=\"mkd-interactive-icon-initial-content\">\n            <div class=\"mkd-interactive-icon-image mkd-initial-content-item\">\n                <img loading=\"lazy\" decoding=\"async\" width=\"110\" height=\"104\" src=\"https:\/\/ideallawoffice.com\/wp-content\/uploads\/2015\/11\/h1-custom-icon-gray-2.png\" class=\"attachment-full size-full\" alt=\"a\" \/>            <\/div>\n            <div class=\"mkd-interactive-icon-title mkd-initial-content-item\">\n                 <h4 style=\"color: #ffffff\" >FOREIGNERS LAW<\/h4>\n            <\/div>\n        <\/div>\n        <div class=\"mkd-interactive-icon-hover-content\">\n            <div style=\"background-color: #c18f59\" class=\"mkd-interactive-icon-separator\">\n            <\/div>\n                            <a href=\"https:\/\/ideallawoffice.com\/index.php\/yabancilar-hukuku\/\" class=\"mkd-interactive-icon-link\">\n                                <div class=\"mkd-interactive-icon-text\">\n                        <p style=\"color: #ffffff\"><\/p>\n                    <\/div>  \n                \n                    <span style=\"color: #ffffff\" class=\"mkd-interactive-icon-small icon-holder\">\n                        <span aria-hidden=\"true\" class=\"arrow_carrot-right_alt2\"><\/span>\n                    <\/span>\n                <\/a>\n                    <\/div>\n    <\/div>\n<\/div>\t\t<\/div>\n\t<\/div>\n<\/div><\/div>[\/vc_column][vc_column width=&#8221;1\/3&#8243; css=&#8221;.vc_custom_1447665667284{padding-right: 0px !important;padding-left: 0px !important;}&#8221; offset=&#8221;vc_col-lg-2 vc_col-md-4&#8243;]<div class=\"mkd-elements-holder mkd-responsive-mode-768\" ><div class=\"mkd-elements-holder-item \" >\n\t<div class=\"mkd-elements-holder-item-inner\">\n\t\t<div class=\"mkd-elements-holder-item-content mkd-elements-holder-custom-809178\" style=\"padding: 0px\">\n\t\t\t\t\t\t<style type=\"text\/css\" data-type=\"mkd-elements-custom-padding\" scoped>\n\t\t\t\t\t\t\t\t\t@media only screen and (min-width: 1024px) and (max-width: 1280px) {\n\t\t\t\t\t\t.mkd-elements-holder .mkd-elements-holder-item-content.mkd-elements-holder-custom-809178 {\n\t\t\t\t\t\t\tpadding:  !important;\n\t\t\t\t\t\t}\n\t\t\t\t\t}\n\t\t\t\t\t\t\t\t\t\t\t\t@media only screen and (min-width: 768px) and (max-width: 1024px) {\n\t\t\t\t\t.mkd-elements-holder .mkd-elements-holder-item-content.mkd-elements-holder-custom-809178 {\n\t\t\t\t\t\tpadding: 20px 0px !important;\n\t\t\t\t\t}\n\t\t\t\t}\n\t\t\t\t\t\t\t\t\t\t\t\t@media only screen and (min-width: 600px) and (max-width: 768px) {\n\t\t\t\t\t.mkd-elements-holder .mkd-elements-holder-item-content.mkd-elements-holder-custom-809178 {\n\t\t\t\t\t\tpadding: 20px 0px 40px 0px !important;\n\t\t\t\t\t}\n\t\t\t\t}\n\t\t\t\t\t\t\t\t\t\t\t\t@media only screen and (min-width: 480px) and (max-width: 600px) {\n\t\t\t\t\t.mkd-elements-holder .mkd-elements-holder-item-content.mkd-elements-holder-custom-809178 {\n\t\t\t\t\t\tpadding: 20px 0px 40px 0px !important;\n\t\t\t\t\t}\n\t\t\t\t}\n\t\t\t\t\t\t\t\t\t\t\t\t@media only screen and (max-width: 480px) {\n\t\t\t\t\t.mkd-elements-holder .mkd-elements-holder-item-content.mkd-elements-holder-custom-809178 {\n\t\t\t\t\t\tpadding: 20px 0px 40px 0px !important;\n\t\t\t\t\t}\n\t\t\t\t}\n\t\t\t\t\t\t\t\t<\/style>\n\t\t\t\t\t\t<div class=\"mkd-interactive-icon mkd-right-border-added mkd-right-border-hide-1024\">\n    <div class=\"mkd-interactive-icon-inner\">\n        <div class=\"mkd-interactive-icon-initial-content\">\n            <div class=\"mkd-interactive-icon-image mkd-initial-content-item\">\n                <img loading=\"lazy\" decoding=\"async\" width=\"149\" height=\"130\" src=\"https:\/\/ideallawoffice.com\/wp-content\/uploads\/2015\/11\/h8-graphic-1-slide-1.png\" class=\"attachment-full size-full\" alt=\"a\" \/>            <\/div>\n            <div class=\"mkd-interactive-icon-title mkd-initial-content-item\">\n                 <h4 style=\"color: #ffffff\" >INHERITANCE LAW<\/h4>\n            <\/div>\n        <\/div>\n        <div class=\"mkd-interactive-icon-hover-content\">\n            <div style=\"background-color: #c18f59\" class=\"mkd-interactive-icon-separator\">\n            <\/div>\n                            <a href=\"https:\/\/ideallawoffice.com\/index.php\/miras-hukuku\/\" class=\"mkd-interactive-icon-link\">\n                                <div class=\"mkd-interactive-icon-text\">\n                        <p style=\"color: #ffffff\"><\/p>\n                    <\/div>  \n                \n                    <span style=\"color: #ffffff\" class=\"mkd-interactive-icon-small icon-holder\">\n                        <span aria-hidden=\"true\" class=\"arrow_carrot-right_alt2\"><\/span>\n                    <\/span>\n                <\/a>\n                    <\/div>\n    <\/div>\n<\/div>\t\t<\/div>\n\t<\/div>\n<\/div><\/div>[\/vc_column][vc_column width=&#8221;1\/3&#8243; css=&#8221;.vc_custom_1447665660344{padding-right: 0px !important;padding-left: 0px !important;}&#8221; offset=&#8221;vc_col-lg-2 vc_col-md-4&#8243;]<div class=\"mkd-elements-holder mkd-responsive-mode-768\" ><div class=\"mkd-elements-holder-item \" >\n\t<div class=\"mkd-elements-holder-item-inner\">\n\t\t<div class=\"mkd-elements-holder-item-content mkd-elements-holder-custom-630220\" style=\"padding: 0px\">\n\t\t\t\t\t\t<style type=\"text\/css\" data-type=\"mkd-elements-custom-padding\" scoped>\n\t\t\t\t\t\t\t\t\t@media only screen and (min-width: 1024px) and (max-width: 1280px) {\n\t\t\t\t\t\t.mkd-elements-holder .mkd-elements-holder-item-content.mkd-elements-holder-custom-630220 {\n\t\t\t\t\t\t\tpadding:  !important;\n\t\t\t\t\t\t}\n\t\t\t\t\t}\n\t\t\t\t\t\t\t\t\t\t\t\t@media only screen and (min-width: 768px) and (max-width: 1024px) {\n\t\t\t\t\t.mkd-elements-holder .mkd-elements-holder-item-content.mkd-elements-holder-custom-630220 {\n\t\t\t\t\t\tpadding: 20px 0px !important;\n\t\t\t\t\t}\n\t\t\t\t}\n\t\t\t\t\t\t\t\t\t\t\t\t@media only screen and (min-width: 600px) and (max-width: 768px) {\n\t\t\t\t\t.mkd-elements-holder .mkd-elements-holder-item-content.mkd-elements-holder-custom-630220 {\n\t\t\t\t\t\tpadding: 20px 0px 40px 0px !important;\n\t\t\t\t\t}\n\t\t\t\t}\n\t\t\t\t\t\t\t\t\t\t\t\t@media only screen and (min-width: 480px) and (max-width: 600px) {\n\t\t\t\t\t.mkd-elements-holder .mkd-elements-holder-item-content.mkd-elements-holder-custom-630220 {\n\t\t\t\t\t\tpadding: 20px 0px 40px 0px !important;\n\t\t\t\t\t}\n\t\t\t\t}\n\t\t\t\t\t\t\t\t\t\t\t\t@media only screen and (max-width: 480px) {\n\t\t\t\t\t.mkd-elements-holder .mkd-elements-holder-item-content.mkd-elements-holder-custom-630220 {\n\t\t\t\t\t\tpadding: 20px 0px 40px 0px !important;\n\t\t\t\t\t}\n\t\t\t\t}\n\t\t\t\t\t\t\t\t<\/style>\n\t\t\t\t\t\t<div class=\"mkd-interactive-icon mkd-right-border-added mkd-right-border-hide-1024\">\n    <div class=\"mkd-interactive-icon-inner\">\n        <div class=\"mkd-interactive-icon-initial-content\">\n            <div class=\"mkd-interactive-icon-image mkd-initial-content-item\">\n                <img loading=\"lazy\" decoding=\"async\" width=\"110\" height=\"104\" src=\"https:\/\/ideallawoffice.com\/wp-content\/uploads\/2015\/11\/h1-custom-icon-gray-3.png\" class=\"attachment-full size-full\" alt=\"a\" \/>            <\/div>\n            <div class=\"mkd-interactive-icon-title mkd-initial-content-item\">\n                 <h4 style=\"color: #ffffff\" >REAL ESTATE LAW<\/h4>\n            <\/div>\n        <\/div>\n        <div class=\"mkd-interactive-icon-hover-content\">\n            <div style=\"background-color: #c18f59\" class=\"mkd-interactive-icon-separator\">\n            <\/div>\n                            <a href=\"https:\/\/ideallawoffice.com\/index.php\/gayrimenkul-hukuku\/\" class=\"mkd-interactive-icon-link\">\n                                <div class=\"mkd-interactive-icon-text\">\n                        <p style=\"color: #ffffff\"><\/p>\n                    <\/div>  \n                \n                    <span style=\"color: #ffffff\" class=\"mkd-interactive-icon-small icon-holder\">\n                        <span aria-hidden=\"true\" class=\"arrow_carrot-right_alt2\"><\/span>\n                    <\/span>\n                <\/a>\n                    <\/div>\n    <\/div>\n<\/div>\t\t<\/div>\n\t<\/div>\n<\/div><\/div>[\/vc_column][vc_column width=&#8221;1\/3&#8243; css=&#8221;.vc_custom_1447665676106{padding-right: 0px !important;padding-left: 0px !important;}&#8221; offset=&#8221;vc_col-lg-2 vc_col-md-4&#8243;]<div class=\"mkd-elements-holder mkd-responsive-mode-768\" ><div class=\"mkd-elements-holder-item \" >\n\t<div class=\"mkd-elements-holder-item-inner\">\n\t\t<div class=\"mkd-elements-holder-item-content mkd-elements-holder-custom-279551\" style=\"padding: 0px\">\n\t\t\t\t\t\t<style type=\"text\/css\" data-type=\"mkd-elements-custom-padding\" scoped>\n\t\t\t\t\t\t\t\t\t@media only screen and (min-width: 1024px) and (max-width: 1280px) {\n\t\t\t\t\t\t.mkd-elements-holder .mkd-elements-holder-item-content.mkd-elements-holder-custom-279551 {\n\t\t\t\t\t\t\tpadding:  !important;\n\t\t\t\t\t\t}\n\t\t\t\t\t}\n\t\t\t\t\t\t\t\t\t\t\t\t@media only screen and (min-width: 768px) and (max-width: 1024px) {\n\t\t\t\t\t.mkd-elements-holder .mkd-elements-holder-item-content.mkd-elements-holder-custom-279551 {\n\t\t\t\t\t\tpadding: 20px 0px !important;\n\t\t\t\t\t}\n\t\t\t\t}\n\t\t\t\t\t\t\t\t\t\t\t\t@media only screen and (min-width: 600px) and (max-width: 768px) {\n\t\t\t\t\t.mkd-elements-holder .mkd-elements-holder-item-content.mkd-elements-holder-custom-279551 {\n\t\t\t\t\t\tpadding: 20px 0px 40px 0px !important;\n\t\t\t\t\t}\n\t\t\t\t}\n\t\t\t\t\t\t\t\t\t\t\t\t@media only screen and (min-width: 480px) and (max-width: 600px) {\n\t\t\t\t\t.mkd-elements-holder .mkd-elements-holder-item-content.mkd-elements-holder-custom-279551 {\n\t\t\t\t\t\tpadding: 20px 0px 40px 0px !important;\n\t\t\t\t\t}\n\t\t\t\t}\n\t\t\t\t\t\t\t\t\t\t\t\t@media only screen and (max-width: 480px) {\n\t\t\t\t\t.mkd-elements-holder .mkd-elements-holder-item-content.mkd-elements-holder-custom-279551 {\n\t\t\t\t\t\tpadding: 20px 0px 40px 0px !important;\n\t\t\t\t\t}\n\t\t\t\t}\n\t\t\t\t\t\t\t\t<\/style>\n\t\t\t\t\t\t<div class=\"mkd-interactive-icon \">\n    <div class=\"mkd-interactive-icon-inner\">\n        <div class=\"mkd-interactive-icon-initial-content\">\n            <div class=\"mkd-interactive-icon-image mkd-initial-content-item\">\n                            <\/div>\n            <div class=\"mkd-interactive-icon-title mkd-initial-content-item\">\n                 <h4 style=\"color: #ffffff\" ><\/h4>\n            <\/div>\n        <\/div>\n        <div class=\"mkd-interactive-icon-hover-content\">\n            <div style=\"background-color: #c18f59\" class=\"mkd-interactive-icon-separator\">\n            <\/div>\n                                <div class=\"mkd-interactive-icon-text\">\n                        <p style=\"color: #ffffff\"><\/p>\n                    <\/div>  \n                    <\/div>\n    <\/div>\n<\/div>\t\t<\/div>\n\t<\/div>\n<\/div><\/div>[\/vc_column][\/vc_row][vc_row content_width=&#8221;grid&#8221; triangle_shape=&#8221;no&#8221; css=&#8221;.vc_custom_1447671347714{padding-top: 90px !important;}&#8221;][vc_column offset=&#8221;vc_col-lg-9 vc_col-md-12&#8243;][vc_row_inner][vc_column_inner offset=&#8221;vc_col-lg-5 vc_col-md-12&#8243;][vc_single_image image=&#8221;1334&#8243; img_size=&#8221;full&#8221;][vc_empty_space height=&#8221;30px&#8221;][\/vc_column_inner][vc_column_inner offset=&#8221;vc_col-lg-7 vc_col-md-12&#8243;]<div class=\"mkd-elements-holder mkd-responsive-mode-768\" ><div class=\"mkd-elements-holder-item mkd-horizontal-alignment-left\" >\n\t<div class=\"mkd-elements-holder-item-inner\">\n\t\t<div class=\"mkd-elements-holder-item-content mkd-elements-holder-custom-746702\" style=\"padding: 30px 0 0 0\">\n\t\t\t\t\t\t<style type=\"text\/css\" data-type=\"mkd-elements-custom-padding\" scoped>\n\t\t\t\t\t\t\t\t\t@media only screen and (min-width: 1024px) and (max-width: 1280px) {\n\t\t\t\t\t\t.mkd-elements-holder .mkd-elements-holder-item-content.mkd-elements-holder-custom-746702 {\n\t\t\t\t\t\t\tpadding: 0 !important;\n\t\t\t\t\t\t}\n\t\t\t\t\t}\n\t\t\t\t\t\t\t\t\t\t\t\t@media only screen and (min-width: 768px) and (max-width: 1024px) {\n\t\t\t\t\t.mkd-elements-holder .mkd-elements-holder-item-content.mkd-elements-holder-custom-746702 {\n\t\t\t\t\t\tpadding: 0 !important;\n\t\t\t\t\t}\n\t\t\t\t}\n\t\t\t\t\t\t\t\t\t\t\t\t@media only screen and (min-width: 600px) and (max-width: 768px) {\n\t\t\t\t\t.mkd-elements-holder .mkd-elements-holder-item-content.mkd-elements-holder-custom-746702 {\n\t\t\t\t\t\tpadding: 0 !important;\n\t\t\t\t\t}\n\t\t\t\t}\n\t\t\t\t\t\t\t\t\t\t\t\t@media only screen and (min-width: 480px) and (max-width: 600px) {\n\t\t\t\t\t.mkd-elements-holder .mkd-elements-holder-item-content.mkd-elements-holder-custom-746702 {\n\t\t\t\t\t\tpadding: 0 !important;\n\t\t\t\t\t}\n\t\t\t\t}\n\t\t\t\t\t\t\t\t\t\t\t\t@media only screen and (max-width: 480px) {\n\t\t\t\t\t.mkd-elements-holder .mkd-elements-holder-item-content.mkd-elements-holder-custom-746702 {\n\t\t\t\t\t\tpadding: 0 !important;\n\t\t\t\t\t}\n\t\t\t\t}\n\t\t\t\t\t\t\t\t<\/style>\n\t\t\t\t\t\t[vc_column_text]<\/p>\n<div class=\"wpb_column vc_column_container vc_col-sm-12 vc_col-lg-5 vc_col-md-12\">\n<div class=\"vc_column-inner\">\n<div class=\"wpb_wrapper\">\n<h2 class=\"vc_empty_space\" style=\"text-align: left;\">Ideal Law Office<\/h2>\n<\/div>\n<\/div>\n<\/div>\n<p>[\/vc_column_text][vc_empty_space height=&#8221;12px&#8221;][vc_empty_space height=&#8221;22px&#8221;][vc_column_text] Our office was founded in 2008 in Alanya by lawyer Ay\u015feg\u00fcl Ba\u015faran Y\u0131lmaz. We provide professional services in the sector with our partner offices in Alanya, Antalya, Mu\u011fla, Istanbul, and Cyprus. [\/vc_column_text]\t\t<\/div>\n\t<\/div>\n<\/div><\/div>[\/vc_column_inner][\/vc_row_inner]\n\n\t<div class=\"mkd-call-to-action with-icon\" style=\"background-color: #f2f2f2;border: 1px solid #d8d8d8;\">\n\n\t\t\t\t\t<div class=\"mkd-call-to-action-row-66-33 clearfix\" style=\"padding: 20px 3%;\">\n\t\t\n\t\t\t\t<div class=\"mkd-text-wrapper mkd-call-to-action-column1 mkd-call-to-action-cell\">\n\n\t\t\t\t\t\t\t\t\t<div class=\"mkd-call-to-action-icon-holder\">\n\t\t\t\t\t\t<div class=\"mkd-call-to-action-icon\">\n\t\t\t\t\t\t\t<div class=\"mkd-call-to-action-icon-inner\">\n\t\t\t\t\t\t\t\t<i class=\"mkd-icon-simple-line-icon icon-globe \" style=\"font-size: 33px; ;color: #c18f59; \" ><\/i>\t\t\t\t\t\t\t<\/div>\n\t\t\t\t\t\t<\/div>\n\t\t\t\t\t<\/div>\n\t\t\t\t\n\t\t\t\t\t<div class=\"mkd-call-to-action-text\" >\n\t\t\t\t\t\t<h3>Contact Us to Resolve Your Legal Issues.<\/h3>\n\t\t\t\t\t<\/div>\n\n\t\t\t\t<\/div>\n\n\t\t\t\t\n\t\t\t\t\t<div class=\"mkd-button-wrapper mkd-call-to-action-column2 mkd-call-to-action-cell\" style =\"text-align: right ;\">\n\n\t\t\t\t\t\t<a href=\"https:\/\/ideallawoffice.com\/index.php\/iletisim\/\" target=\"_self\" style=\"background-color: #3e475d\" class=\"mkd-btn mkd-btn-medium mkd-btn-solid mkd-btn-icon\"  >    <span class=\"mkd-btn-text\"  >CONTACT US<\/span><span class=\"mkd-btn-icon-holder\">            <span aria-hidden=\"true\" class=\"mkd-icon-font-elegant arrow_carrot-right mkd-btn-icon-elem\" ><\/span>            <span aria-hidden=\"true\" class=\"mkd-icon-font-elegant arrow_carrot-right mkd-btn-icon-elem\" ><\/span>        <\/span>    <\/a>\n\t\t\t\t\t<\/div>\n\n\t\t\t\t\n\t\t\t<\/div>\n\n\t\t\n\t<\/div>\n\n[vc_empty_space height=&#8221;70px&#8221;][\/vc_column][vc_column width=&#8221;1\/2&#8243; offset=&#8221;vc_col-lg-offset-0 vc_col-lg-3 vc_col-md-offset-3 vc_col-md-6 vc_col-sm-offset-3&#8243; css=&#8221;.vc_custom_1448017440958{padding-right: 0px !important;padding-left: 0px !important;}&#8221;][vc_empty_space height=&#8221;70px&#8221;][\/vc_column][\/vc_row]<\/p>\n","protected":false},"excerpt":{"rendered":"<p>[vc_row row_type=&#8221;parallax&#8221; content_width=&#8221;grid&#8221; full_screen_section_height=&#8221;no&#8221; section_height=&#8221;200&#8243; parallax_background_image=&#8221;746&#8243; triangle_shape=&#8221;no&#8221; css=&#8221;.vc_custom_1447676377452{padding-top: 115px !important;padding-bottom: 120px !important;}&#8221;][vc_column offset=&#8221;vc_col-lg-8 vc_col-md-8&#8243;][vc_column_text][\/vc_column_text][vc_empty_space height=&#8221;30px&#8221;][vc_column_text][\/vc_column_text][\/vc_column][\/vc_row][vc_row content_width=&#8221;grid&#8221; content_aligment=&#8221;center&#8221; triangle_shape=&#8221;no&#8221; css=&#8221;.vc_custom_1447673328881{border-bottom-width: 3px !important;padding-top: 30px !important;padding-bottom: 30px !important;background-color: #353c4e !important;border-bottom-color: #c18f59 !important;border-bottom-style: solid !important;}&#8221;][vc_column width=&#8221;1\/3&#8243; css=&#8221;.vc_custom_1447665628867{padding-right: 0px !important;padding-left: 0px !important;}&#8221; offset=&#8221;vc_col-lg-2 vc_col-md-4&#8243;][\/vc_column][vc_column width=&#8221;1\/3&#8243; css=&#8221;.vc_custom_1447665635018{padding-right: 0px !important;padding-left: 0px !important;}&#8221; offset=&#8221;vc_col-lg-2 vc_col-md-4&#8243;][\/vc_column][vc_column width=&#8221;1\/3&#8243; css=&#8221;.vc_custom_1447665667284{padding-right: 0px !important;padding-left: 0px !important;}&#8221; offset=&#8221;vc_col-lg-2 vc_col-md-4&#8243;][\/vc_column][vc_column width=&#8221;1\/3&#8243; css=&#8221;.vc_custom_1447665660344{padding-right: 0px !important;padding-left: 0px !important;}&#8221; offset=&#8221;vc_col-lg-2 vc_col-md-4&#8243;][\/vc_column][vc_column width=&#8221;1\/3&#8243; css=&#8221;.vc_custom_1447665676106{padding-right: 0px !important;padding-left: 0px !important;}&#8221; offset=&#8221;vc_col-lg-2 vc_col-md-4&#8243;][\/vc_column][\/vc_row][vc_row content_width=&#8221;grid&#8221; triangle_shape=&#8221;no&#8221; css=&#8221;.vc_custom_1447671347714{padding-top: 90px !important;}&#8221;][vc_column offset=&#8221;vc_col-lg-9 vc_col-md-12&#8243;][vc_row_inner][vc_column_inner offset=&#8221;vc_col-lg-5 vc_col-md-12&#8243;][vc_single_image image=&#8221;1334&#8243; img_size=&#8221;full&#8221;][vc_empty_space height=&#8221;30px&#8221;][\/vc_column_inner][vc_column_inner offset=&#8221;vc_col-lg-7 vc_col-md-12&#8243;][\/vc_column_inner][\/vc_row_inner][vc_empty_space height=&#8221;70px&#8221;][\/vc_column][vc_column width=&#8221;1\/2&#8243; offset=&#8221;vc_col-lg-offset-0 vc_col-lg-3 vc_col-md-offset-3 vc_col-md-6 vc_col-sm-offset-3&#8243; css=&#8221;.vc_custom_1448017440958{padding-right: 0px !important;padding-left: 0px !important;}&#8221;][vc_empty_space height=&#8221;70px&#8221;][\/vc_column][\/vc_row]<\/p>\n","protected":false},"author":1,"featured_media":0,"parent":0,"menu_order":0,"comment_status":"closed","ping_status":"closed","template":"full-width.php","meta":{"footnotes":""},"class_list":["post-652","page","type-page","status-publish","hentry"],"_links":{"self":[{"href":"https:\/\/ideallawoffice.com\/en\/wp-json\/wp\/v2\/pages\/652","targetHints":{"allow":["GET"]}}],"collection":[{"href":"https:\/\/ideallawoffice.com\/en\/wp-json\/wp\/v2\/pages"}],"about":[{"href":"https:\/\/ideallawoffice.com\/en\/wp-json\/wp\/v2\/types\/page"}],"author":[{"embeddable":true,"href":"https:\/\/ideallawoffice.com\/en\/wp-json\/wp\/v2\/users\/1"}],"replies":[{"embeddable":true,"href":"https:\/\/ideallawoffice.com\/en\/wp-json\/wp\/v2\/comments?post=652"}],"version-history":[{"count":18,"href":"https:\/\/ideallawoffice.com\/en\/wp-json\/wp\/v2\/pages\/652\/revisions"}],"predecessor-version":[{"id":3034,"href":"https:\/\/ideallawoffice.com\/en\/wp-json\/wp\/v2\/pages\/652\/revisions\/3034"}],"wp:attachment":[{"href":"https:\/\/ideallawoffice.com\/en\/wp-json\/wp\/v2\/media?parent=652"}],"curies":[{"name":"wp","href":"https:\/\/api.w.org\/{rel}","templated":true}]}}