{"id":845,"date":"2015-11-17T16:08:53","date_gmt":"2015-11-17T16:08:53","guid":{"rendered":"https:\/\/libero.qodeinteractive.com\/?page_id=845"},"modified":"2026-02-21T12:24:36","modified_gmt":"2026-02-21T12:24:36","slug":"iletisim","status":"publish","type":"page","link":"https:\/\/ideallawoffice.com\/en\/iletisim\/","title":{"rendered":"communication"},"content":{"rendered":"<p>[vc_row triangle_shape=&#8221;no&#8221;][vc_column][vc_raw_html]JTNDY2VudGVyJTNFJTIwJTNDaWZyYW1lJTIwc3JjJTNEJTIyaHR0cHMlM0ElMkYlMkZ3d3cuZ29vZ2xlLmNvbSUyRm1hcHMlMkZlbWJlZCUzRnBiJTNEJTIxMW0xOCUyMTFtMTIlMjExbTMlMjExZDMyMDUuMzk5OTczNTA5Njk0NSUyMTJkMzIuMDAyNDg3NCUyMTNkMzYuNTQ0NDY3ODAwMDAwMDElMjEybTMlMjExZjAlMjEyZjAlMjEzZjAlMjEzbTIlMjExaTEwMjQlMjEyaTc2OCUyMTRmMTMuMSUyMTNtMyUyMTFtMiUyMTFzMHgxNGRjOTg3ZjdkMzA2NzBmJTI1M0EweGRhODI2Y2MxZjU0OWQwMjQlMjEyc2lkZWFsJTI1MjBsYXclMjUyMG9mZmljZSUyMTVlMCUyMTNtMiUyMTFzdHIlMjEyc3RyJTIxNHYxNzcxNDE5MDQyNTA3JTIxNW0yJTIxMXN0ciUyMTJzdHIlMjIlMjB3aWR0aCUzRCUyMjEwODAlMjIlMjBoZWlnaHQlM0QlMjIzNjAlMjIlMjBzdHlsZSUzRCUyMmJvcmRlciUzQTAlM0IlMjIlMjBhbGxvd2Z1bGxzY3JlZW4lM0QlMjIlMjIlMjBsb2FkaW5nJTNEJTIybGF6eSUyMiUyMHJlZmVycmVycG9saWN5JTNEJTIybm8tcmVmZXJyZXItd2hlbi1kb3duZ3JhZGUlMjIlM0UlM0MlMkZpZnJhbWUlM0UlMjAlM0MlMkZjZW50ZXIlM0U=[\/vc_raw_html][\/vc_column][\/vc_row][vc_row content_width=&#8221;grid&#8221; triangle_shape=&#8221;no&#8221; css=&#8221;.vc_custom_1447839811894{padding-top: 58px !important;padding-bottom: 23px !important;background-color: #f2f2f2 !important;}&#8221;][vc_column offset=&#8221;vc_col-lg-4 vc_col-md-4&#8243;][\/vc_column][vc_column offset=&#8221;vc_col-lg-4 vc_col-md-4&#8243;][vc_column_text]<\/p>\n<h2>Ways to Contact Us<\/h2>\n<p>[\/vc_column_text]<div class=\"mkd-separator-holder clearfix  mkd-separator-center mkd-separator-full-width\" style=\"margin-top: -9px; margin-bottom: 0px; height: 0px\">\n\t<div class=\"mkd-separator\" style=\"border-color: rgba(255,255,255,0.01);border-bottom-width: 0px\"><\/div>\n<\/div>\n[vc_empty_space height=&#8221;14px&#8221;][vc_column_text]Address: \u015eekerhane Mah. \u00c7on Sok. Uygun Center 2. Blok No:1B \u0130\u00e7kap\u0131 No :7 Alanya\/Antalya[\/vc_column_text][vc_empty_space height=&#8221;22px&#8221;][vc_column_text]Tr: +905063436899[\/vc_column_text][vc_empty_space height=&#8221;3px&#8221;][vc_column_text]En: +905315143846[\/vc_column_text][vc_empty_space height=&#8221;3px&#8221;][vc_column_text]Ru: +905321562383[\/vc_column_text][vc_empty_space height=&#8221;50px&#8221;]<div class=\"mkd-elements-holder mkd-two-columns mkd-responsive-mode-1280\" ><div class=\"mkd-elements-holder-item mkd-horizontal-alignment-left\" >\n\t<div class=\"mkd-elements-holder-item-inner\">\n\t\t<div class=\"mkd-elements-holder-item-content mkd-elements-holder-custom-341023\" style=\"padding: 0 5px 0 0\">\n\t\t\t\t\t\t<div class=\"mkd-icon-list-item\">\n\t<div class=\"mkd-icon-list-icon-holder\">\n        <div class=\"mkd-icon-list-icon-holder-inner clearfix\" data-icon-size=23>\n\t\t\t<i class=\"mkd-icon-simple-line-icon icon-clock \" style=\"color:#c18f59;font-size:23px\" ><\/i>\t\t<\/div>\n\t<\/div>\n\t<p class=\"mkd-icon-list-text\" style=\"color:#222222;font-size:27px;padding-left:10px;font-weight:100\" data-title-size=27> 9:00-18:00<\/p>\n<\/div>[vc_empty_space height=&#8221;2px&#8221;][vc_column_text]Our Working Hours[\/vc_column_text][vc_empty_space height=&#8221;30px&#8221;]\t\t<\/div>\n\t<\/div>\n<\/div><\/div>[vc_empty_space height=&#8221;25px&#8221;][\/vc_column][vc_column offset=&#8221;vc_col-lg-4 vc_col-md-4&#8243;][\/vc_column][\/vc_row]<\/p>\n","protected":false},"excerpt":{"rendered":"<p>[vc_row triangle_shape=&#8221;no&#8221;][vc_column][vc_raw_html]JTNDY2VudGVyJTNFJTIwJTNDaWZyYW1lJTIwc3JjJTNEJTIyaHR0cHMlM0ElMkYlMkZ3d3cuZ29vZ2xlLmNvbSUyRm1hcHMlMkZlbWJlZCUzRnBiJTNEJTIxMW0xOCUyMTFtMTIlMjExbTMlMjExZDMyMDUuMzk5OTczNTA5Njk0NSUyMTJkMzIuMDAyNDg3NCUyMTNkMzYuNTQ0NDY3ODAwMDAwMDElMjEybTMlMjExZjAlMjEyZjAlMjEzZjAlMjEzbTIlMjExaTEwMjQlMjEyaTc2OCUyMTRmMTMuMSUyMTNtMyUyMTFtMiUyMTFzMHgxNGRjOTg3ZjdkMzA2NzBmJTI1M0EweGRhODI2Y2MxZjU0OWQwMjQlMjEyc2lkZWFsJTI1MjBsYXclMjUyMG9mZmljZSUyMTVlMCUyMTNtMiUyMTFzdHIlMjEyc3RyJTIxNHYxNzcxNDE5MDQyNTA3JTIxNW0yJTIxMXN0ciUyMTJzdHIlMjIlMjB3aWR0aCUzRCUyMjEwODAlMjIlMjBoZWlnaHQlM0QlMjIzNjAlMjIlMjBzdHlsZSUzRCUyMmJvcmRlciUzQTAlM0IlMjIlMjBhbGxvd2Z1bGxzY3JlZW4lM0QlMjIlMjIlMjBsb2FkaW5nJTNEJTIybGF6eSUyMiUyMHJlZmVycmVycG9saWN5JTNEJTIybm8tcmVmZXJyZXItd2hlbi1kb3duZ3JhZGUlMjIlM0UlM0MlMkZpZnJhbWUlM0UlMjAlM0MlMkZjZW50ZXIlM0U=[\/vc_raw_html][\/vc_column][\/vc_row][vc_row content_width=&#8221;grid&#8221; triangle_shape=&#8221;no&#8221; css=&#8221;.vc_custom_1447839811894{padding-top: 58px !important;padding-bottom: 23px !important;background-color: #f2f2f2 !important;}&#8221;][vc_column offset=&#8221;vc_col-lg-4 vc_col-md-4&#8243;][\/vc_column][vc_column offset=&#8221;vc_col-lg-4 vc_col-md-4&#8243;][vc_column_text] Ways to Contact Us [\/vc_column_text][vc_empty_space height=&#8221;14px&#8221;][vc_column_text]Address: \u015eekerhane Mah. \u00c7on Sok. Uygun Center 2. Blok No:1B \u0130\u00e7kap\u0131 No :7 Alanya\/Antalya[\/vc_column_text][vc_empty_space height=&#8221;22px&#8221;][vc_column_text]Tr: +905063436899[\/vc_column_text][vc_empty_space height=&#8221;3px&#8221;][vc_column_text]En: +905315143846[\/vc_column_text][vc_empty_space height=&#8221;3px&#8221;][vc_column_text]Ru: +905321562383[\/vc_column_text][vc_empty_space height=&#8221;50px&#8221;][vc_empty_space height=&#8221;25px&#8221;][\/vc_column][vc_column offset=&#8221;vc_col-lg-4 vc_col-md-4&#8243;][\/vc_column][\/vc_row]<\/p>\n","protected":false},"author":1,"featured_media":0,"parent":0,"menu_order":0,"comment_status":"closed","ping_status":"closed","template":"full-width.php","meta":{"footnotes":""},"class_list":["post-845","page","type-page","status-publish","hentry"],"_links":{"self":[{"href":"https:\/\/ideallawoffice.com\/en\/wp-json\/wp\/v2\/pages\/845","targetHints":{"allow":["GET"]}}],"collection":[{"href":"https:\/\/ideallawoffice.com\/en\/wp-json\/wp\/v2\/pages"}],"about":[{"href":"https:\/\/ideallawoffice.com\/en\/wp-json\/wp\/v2\/types\/page"}],"author":[{"embeddable":true,"href":"https:\/\/ideallawoffice.com\/en\/wp-json\/wp\/v2\/users\/1"}],"replies":[{"embeddable":true,"href":"https:\/\/ideallawoffice.com\/en\/wp-json\/wp\/v2\/comments?post=845"}],"version-history":[{"count":25,"href":"https:\/\/ideallawoffice.com\/en\/wp-json\/wp\/v2\/pages\/845\/revisions"}],"predecessor-version":[{"id":3044,"href":"https:\/\/ideallawoffice.com\/en\/wp-json\/wp\/v2\/pages\/845\/revisions\/3044"}],"wp:attachment":[{"href":"https:\/\/ideallawoffice.com\/en\/wp-json\/wp\/v2\/media?parent=845"}],"curies":[{"name":"wp","href":"https:\/\/api.w.org\/{rel}","templated":true}]}}